{"id":68710,"date":"2024-03-27T17:22:52","date_gmt":"2024-03-27T20:22:52","guid":{"rendered":"https:\/\/novosite.eldorado.org.br\/management-policy\/"},"modified":"2024-03-27T17:22:52","modified_gmt":"2024-03-27T20:22:52","slug":"management-policy","status":"publish","type":"page","link":"https:\/\/novosite.eldorado.org.br\/en\/management-policy\/","title":{"rendered":"Management Policy"},"content":{"rendered":"&#13;\n<p>O Instituto de Pesquisas Eldorado, provedor de solu\u00e7\u00f5es, servi\u00e7os e consultoria em pesquisa e desenvolvimento tem como compromisso implementar, manter e melhorar continuamente seus servi\u00e7os e a efic\u00e1cia do seu Sistema de Gest\u00e3o, atendendo a todos os requisitos legais, normativos, regulat\u00f3rios e das partes interessadas que sejam aplic\u00e1veis \u00e0s suas atividades. S\u00e3o prioridades:<\/p>&#13;\n<p>\u00b7 A satisfa\u00e7\u00e3o dos clientes<\/p>&#13;\n<p>\u00b7 A governan\u00e7a e \u00e9tica corporativa<\/p>&#13;\n<p>\u00b7 A valoriza\u00e7\u00e3o dos colaboradores<\/p>&#13;\n<p>\u00b7 A Equidade, a diversidade e a inclus\u00e3o<\/p>&#13;\n<p>\u00b7 A seguran\u00e7a da informa\u00e7\u00e3o, confidencialidade e prote\u00e7\u00e3o de dados<\/p>&#13;\n<p>\u00b7 A inova\u00e7\u00e3o tecnol\u00f3gica e a excel\u00eancia operacional<\/p>&#13;\n<p>\u00b7 O desenvolvimento sustent\u00e1vel e prote\u00e7\u00e3o do meio ambiente<\/p>&#13;\n<p>\u00b7 A execu\u00e7\u00e3o dos servi\u00e7os com compet\u00eancia, imparcialidade, agilidade e de maneira consistente<\/p>&#13;\n<p><strong>Sistema de Gest\u00e3o da Qualidade ISO 9001<\/strong><br\/>Gest\u00e3o de Projetos; Projeto, Desenvolvimento e Manuten\u00e7\u00e3o de Software.<br\/>Unidade Campinas\/SP<\/p>&#13;\n<p><strong>Sistema de Gest\u00e3o de Seguran\u00e7a da Informa\u00e7\u00e3o ISO 27001<\/strong><br\/>O Sistema de Gest\u00e3o de Seguran\u00e7a da Informa\u00e7\u00e3o abrange os processos de tecnologia da informa\u00e7\u00e3o (Seguran\u00e7a da Informa\u00e7\u00e3o, Redes de Computadores, Infraestrutura e Gest\u00e3o de IT) direcionados ao fornecimento da infraestrutura de redes de computadores que apoiam e possibilitam as atividades necess\u00e1rias para o provimento de solu\u00e7\u00f5es, servi\u00e7os e consultoria em pesquisa e desenvolvimento de projetos de software, hardware, testes e educa\u00e7\u00e3o.<\/p>&#13;\n<p>Escopo ensaios ISO 17025: <a href=\"http:\/\/www.inmetro.gov.br\/laboratorios\/rble\/docs\/CRL0181.pdf\">clique aqui<\/a><\/p>&#13;\n<p>Escopo calibra\u00e7\u00e3o ISO 17025: <a href=\"http:\/\/www.inmetro.gov.br\/laboratorios\/rbc\/detalhe_laboratorio.asp?num_certificado=726&amp;situacao=AT&amp;area=TEMPERATURA%20E%20UMIDADE\">clique aqui<\/a><\/p>&#13;\n<p><em>*Laborat\u00f3rios em Campinas\/SP<\/em><\/p>&#13;\n","protected":false},"excerpt":{"rendered":"<p>&#13; O Instituto de Pesquisas Eldorado, provedor de solu\u00e7\u00f5es, servi\u00e7os [&hellip;]<\/p>\n","protected":false},"author":4,"featured_media":0,"parent":0,"menu_order":5,"comment_status":"closed","ping_status":"closed","template":"","meta":{"_acf_changed":false,"inline_featured_image":false,"footnotes":""},"coauthors":[177],"class_list":["post-68710","page","type-page","status-publish","hentry"],"acf":[],"yoast_head":"<!-- This site is optimized with the Yoast SEO plugin v27.5 - https:\/\/yoast.com\/product\/yoast-seo-wordpress\/ -->\n<title>Management Policy - Instituto Eldorado<\/title>\n<meta name=\"robots\" content=\"noindex, follow, max-snippet:-1, max-image-preview:large, max-video-preview:-1\" \/>\n<meta property=\"og:locale\" content=\"en_US\" \/>\n<meta property=\"og:type\" content=\"article\" \/>\n<meta property=\"og:title\" content=\"Management Policy - Instituto Eldorado\" \/>\n<meta property=\"og:description\" content=\"&#013; O Instituto de Pesquisas Eldorado, provedor de solu\u00e7\u00f5es, servi\u00e7os [&hellip;]\" \/>\n<meta property=\"og:url\" content=\"https:\/\/novosite.eldorado.org.br\/en\/management-policy\/\" \/>\n<meta property=\"og:site_name\" content=\"Instituto Eldorado\" \/>\n<meta name=\"twitter:card\" content=\"summary_large_image\" \/>\n<meta name=\"twitter:label1\" content=\"Est. reading time\" \/>\n\t<meta name=\"twitter:data1\" content=\"1 minute\" \/>\n\t<meta name=\"twitter:label2\" content=\"Written by\" \/>\n\t<meta name=\"twitter:data2\" content=\"Instituto Eldorado\" \/>\n<script type=\"application\/ld+json\" class=\"yoast-schema-graph\">{\"@context\":\"https:\\\/\\\/schema.org\",\"@graph\":[{\"@type\":\"WebPage\",\"@id\":\"https:\\\/\\\/novosite.eldorado.org.br\\\/en\\\/management-policy\\\/\",\"url\":\"https:\\\/\\\/novosite.eldorado.org.br\\\/en\\\/management-policy\\\/\",\"name\":\"Management Policy - Instituto Eldorado\",\"isPartOf\":{\"@id\":\"https:\\\/\\\/novosite.eldorado.org.br\\\/#website\"},\"datePublished\":\"2024-03-27T20:22:52+00:00\",\"breadcrumb\":{\"@id\":\"https:\\\/\\\/novosite.eldorado.org.br\\\/en\\\/management-policy\\\/#breadcrumb\"},\"inLanguage\":\"en-US\",\"potentialAction\":[{\"@type\":\"ReadAction\",\"target\":[\"https:\\\/\\\/novosite.eldorado.org.br\\\/en\\\/management-policy\\\/\"]}]},{\"@type\":\"BreadcrumbList\",\"@id\":\"https:\\\/\\\/novosite.eldorado.org.br\\\/en\\\/management-policy\\\/#breadcrumb\",\"itemListElement\":[{\"@type\":\"ListItem\",\"position\":1,\"name\":\"Home\",\"item\":\"https:\\\/\\\/novosite.eldorado.org.br\\\/en\\\/\"},{\"@type\":\"ListItem\",\"position\":2,\"name\":\"Management Policy\"}]},{\"@type\":\"WebSite\",\"@id\":\"https:\\\/\\\/novosite.eldorado.org.br\\\/#website\",\"url\":\"https:\\\/\\\/novosite.eldorado.org.br\\\/\",\"name\":\"Instituto Eldorado\",\"description\":\"\",\"potentialAction\":[{\"@type\":\"SearchAction\",\"target\":{\"@type\":\"EntryPoint\",\"urlTemplate\":\"https:\\\/\\\/novosite.eldorado.org.br\\\/?s={search_term_string}\"},\"query-input\":{\"@type\":\"PropertyValueSpecification\",\"valueRequired\":true,\"valueName\":\"search_term_string\"}}],\"inLanguage\":\"en-US\"}]}<\/script>\n<!-- \/ Yoast SEO plugin. -->","yoast_head_json":{"title":"Management Policy - Instituto Eldorado","robots":{"index":"noindex","follow":"follow","max-snippet":"max-snippet:-1","max-image-preview":"max-image-preview:large","max-video-preview":"max-video-preview:-1"},"og_locale":"en_US","og_type":"article","og_title":"Management Policy - Instituto Eldorado","og_description":"&#13; O Instituto de Pesquisas Eldorado, provedor de solu\u00e7\u00f5es, servi\u00e7os [&hellip;]","og_url":"https:\/\/novosite.eldorado.org.br\/en\/management-policy\/","og_site_name":"Instituto Eldorado","twitter_card":"summary_large_image","twitter_misc":{"Est. reading time":"1 minute","Written by":"Instituto Eldorado"},"schema":{"@context":"https:\/\/schema.org","@graph":[{"@type":"WebPage","@id":"https:\/\/novosite.eldorado.org.br\/en\/management-policy\/","url":"https:\/\/novosite.eldorado.org.br\/en\/management-policy\/","name":"Management Policy - Instituto Eldorado","isPartOf":{"@id":"https:\/\/novosite.eldorado.org.br\/#website"},"datePublished":"2024-03-27T20:22:52+00:00","breadcrumb":{"@id":"https:\/\/novosite.eldorado.org.br\/en\/management-policy\/#breadcrumb"},"inLanguage":"en-US","potentialAction":[{"@type":"ReadAction","target":["https:\/\/novosite.eldorado.org.br\/en\/management-policy\/"]}]},{"@type":"BreadcrumbList","@id":"https:\/\/novosite.eldorado.org.br\/en\/management-policy\/#breadcrumb","itemListElement":[{"@type":"ListItem","position":1,"name":"Home","item":"https:\/\/novosite.eldorado.org.br\/en\/"},{"@type":"ListItem","position":2,"name":"Management Policy"}]},{"@type":"WebSite","@id":"https:\/\/novosite.eldorado.org.br\/#website","url":"https:\/\/novosite.eldorado.org.br\/","name":"Instituto Eldorado","description":"","potentialAction":[{"@type":"SearchAction","target":{"@type":"EntryPoint","urlTemplate":"https:\/\/novosite.eldorado.org.br\/?s={search_term_string}"},"query-input":{"@type":"PropertyValueSpecification","valueRequired":true,"valueName":"search_term_string"}}],"inLanguage":"en-US"}]}},"_links":{"self":[{"href":"https:\/\/novosite.eldorado.org.br\/en\/wp-json\/wp\/v2\/pages\/68710","targetHints":{"allow":["GET"]}}],"collection":[{"href":"https:\/\/novosite.eldorado.org.br\/en\/wp-json\/wp\/v2\/pages"}],"about":[{"href":"https:\/\/novosite.eldorado.org.br\/en\/wp-json\/wp\/v2\/types\/page"}],"author":[{"embeddable":true,"href":"https:\/\/novosite.eldorado.org.br\/en\/wp-json\/wp\/v2\/users\/4"}],"replies":[{"embeddable":true,"href":"https:\/\/novosite.eldorado.org.br\/en\/wp-json\/wp\/v2\/comments?post=68710"}],"version-history":[{"count":1,"href":"https:\/\/novosite.eldorado.org.br\/en\/wp-json\/wp\/v2\/pages\/68710\/revisions"}],"predecessor-version":[{"id":70101,"href":"https:\/\/novosite.eldorado.org.br\/en\/wp-json\/wp\/v2\/pages\/68710\/revisions\/70101"}],"wp:attachment":[{"href":"https:\/\/novosite.eldorado.org.br\/en\/wp-json\/wp\/v2\/media?parent=68710"}],"wp:term":[{"taxonomy":"author","embeddable":true,"href":"https:\/\/novosite.eldorado.org.br\/en\/wp-json\/wp\/v2\/coauthors?post=68710"}],"curies":[{"name":"wp","href":"https:\/\/api.w.org\/{rel}","templated":true}]}}